{"id":130,"date":"2024-05-18T18:02:47","date_gmt":"2024-05-18T18:02:47","guid":{"rendered":"https:\/\/tecnologiabitcoin.com\/woocommerce\/producto\/capsulas-cafe-espresso-suave-x-mayor-compatible-nespresso\/"},"modified":"2024-05-18T18:02:49","modified_gmt":"2024-05-18T18:02:49","slug":"capsulas-cafe-espresso-suave-x-mayor-compatible-nespresso","status":"publish","type":"product","link":"https:\/\/tecnologiabitcoin.com\/woocommerce\/producto\/capsulas-cafe-espresso-suave-x-mayor-compatible-nespresso\/","title":{"rendered":"C\u00e1psulas Caf\u00e9 Espresso Suave X Mayor Compatible Nespresso"},"content":{"rendered":"<p>Tienda online WORLD CHOCOLATE &amp; COFFEE<\/p>\n<p>Disfruta de un caf\u00e9 intenso y delicioso espresso compatibles con Nespresso de la reconocida marca World chocolate &amp; coffee. Con una intensidad perfecta para despertar tus sentidos, esta variedad de caf\u00e9 espresso es ideal para los amantes de la buena infusi\u00f3n. Adem\u00e1s, estas c\u00e1psulas son libres de gluten, garantizando una experiencia sin preocupaciones para todos los consumidores. Con 10 unidades por envase, podr\u00e1s disfrutar de este caf\u00e9 de alta calidad en cualquier momento del d\u00eda. Aprovecha esta oportunidad para deleitarte con un caf\u00e9 excepcional en la comodidad de tu hogar.<br \/>\nC\u00e1psulas de caf\u00e9 sabor BLEND SUAVE aptas para maquinas nespresso.<br \/>\nINTNSIDAD 5<br \/>\n1 CAJAS COMPLETA INCLUYE (200 c\u00e1psulas)<br \/>\nCada envase incluye 10 c\u00e1psulas.<br \/>\nPRECIO especial para reventa.<br \/>\nNuestros sabores:<br \/>\nLos sabores Espresso (de menor a mayor intensidad) son:<br \/>\nBlend Suave.<br \/>\nBrasil.<br \/>\nColombia.<br \/>\nRistretto.<\/p>\n<p>Esperamos tu compra. ** Publicado utilizando Astroselling **<\/p>\n","protected":false},"excerpt":{"rendered":"<p>Tienda online WORLD CHOCOLATE &amp; COFFEE<\/p>\n<p>Disfruta de un caf\u00e9 intenso y delicioso espresso compatibles con Nespresso de la reconocida marca World chocolate &amp; coffee. Con una intensidad perfecta para despertar tus sentidos, esta variedad de caf\u00e9 espresso es ideal para los amantes de la buena infusi\u00f3n. Adem\u00e1s, estas c\u00e1psulas son libres de gluten, garantizando una experiencia sin preocupaciones para todos los consumidores. Con 10 unidades por envase, podr\u00e1s disfrutar de este caf\u00e9 de alta calidad en cualquier momento del d\u00eda. Aprovecha esta oportunidad para deleitarte con un caf\u00e9 excepcional en la comodidad de tu hogar.<br \/>\nC\u00e1psulas de caf\u00e9 sabor BLEND SUAVE aptas para maquinas nespresso.<br \/>\nINTNSIDAD 5<br \/>\n1 CAJAS COMPLETA INCLUYE (200 c\u00e1psulas)<br \/>\nCada envase incluye 10 c\u00e1psulas.<br \/>\nPRECIO especial para reventa.<br \/>\nNuestros sabores:<br \/>\nLos sabores Espresso (de menor a mayor intensidad) son:<br \/>\nBlend Suave.<br \/>\nBrasil.<br \/>\nColombia.<br \/>\nRistretto.<\/p>\n<p>Esperamos tu compra. ** Publicado utilizando Astroselling **<\/p>\n","protected":false},"featured_media":129,"comment_status":"open","ping_status":"closed","template":"","meta":[],"product_brand":[],"product_cat":[22],"product_tag":[],"class_list":{"0":"post-130","1":"product","2":"type-product","3":"status-publish","4":"has-post-thumbnail","6":"product_cat-cafe","8":"first","9":"instock","10":"shipping-taxable","11":"purchasable","12":"product-type-simple"},"_links":{"self":[{"href":"https:\/\/tecnologiabitcoin.com\/woocommerce\/wp-json\/wp\/v2\/product\/130","targetHints":{"allow":["GET"]}}],"collection":[{"href":"https:\/\/tecnologiabitcoin.com\/woocommerce\/wp-json\/wp\/v2\/product"}],"about":[{"href":"https:\/\/tecnologiabitcoin.com\/woocommerce\/wp-json\/wp\/v2\/types\/product"}],"replies":[{"embeddable":true,"href":"https:\/\/tecnologiabitcoin.com\/woocommerce\/wp-json\/wp\/v2\/comments?post=130"}],"wp:featuredmedia":[{"embeddable":true,"href":"https:\/\/tecnologiabitcoin.com\/woocommerce\/wp-json\/wp\/v2\/media\/129"}],"wp:attachment":[{"href":"https:\/\/tecnologiabitcoin.com\/woocommerce\/wp-json\/wp\/v2\/media?parent=130"}],"wp:term":[{"taxonomy":"product_brand","embeddable":true,"href":"https:\/\/tecnologiabitcoin.com\/woocommerce\/wp-json\/wp\/v2\/product_brand?post=130"},{"taxonomy":"product_cat","embeddable":true,"href":"https:\/\/tecnologiabitcoin.com\/woocommerce\/wp-json\/wp\/v2\/product_cat?post=130"},{"taxonomy":"product_tag","embeddable":true,"href":"https:\/\/tecnologiabitcoin.com\/woocommerce\/wp-json\/wp\/v2\/product_tag?post=130"}],"curies":[{"name":"wp","href":"https:\/\/api.w.org\/{rel}","templated":true}]}}